{"id":9,"date":"2022-07-14T19:48:30","date_gmt":"2022-07-14T17:48:30","guid":{"rendered":"http:\/\/jadouille.be\/?page_id=9"},"modified":"2024-04-25T10:32:19","modified_gmt":"2024-04-25T08:32:19","slug":"atellier-de-reparation","status":"publish","type":"page","link":"https:\/\/jadouille.be\/index.php\/atellier-de-reparation\/","title":{"rendered":"Atelier de r\u00e9paration"},"content":{"rendered":"\n<div class=\"wp-block-columns is-layout-flex wp-container-core-columns-is-layout-9d6595d7 wp-block-columns-is-layout-flex\">\n<div class=\"wp-block-column is-layout-flow wp-block-column-is-layout-flow\">\n<p>Chauss\u00e9e de Louvain 524<br>1300 Wavre<\/p>\n\n\n\n<p>T\u00e9l : +32 10 24 48 77<br>Fax : +32 10 45 06 17<\/p>\n<\/div>\n\n\n\n<div class=\"wp-block-column is-layout-flow wp-block-column-is-layout-flow\">\n<p>Heures d&rsquo;ouverture :<\/p>\n\n\n\n<p><br>Du lundi au vendredi de 9h00 \u00e0 18h<br>le samedi de 9h \u00e0 17h<\/p>\n<\/div>\n<\/div>\n\n\n\n<p class=\"has-text-align-center\"><strong>R\u00e9paration de machines \u00e0 moteur \u00e9lectrique ou \u00e0 explosion.<\/strong><\/p>\n\n\n\n<p class=\"has-text-align-center\"><strong>Entretien de tondeuse, d\u00e9broussailleuse,&#8230;<\/strong><\/p>\n\n\n<div class=\"wp-block-image\">\n<figure class=\"aligncenter size-large\"><img loading=\"lazy\" decoding=\"async\" width=\"806\" height=\"1200\" src=\"https:\/\/jadouille.be\/wp-content\/uploads\/2022\/07\/atelier-1-806x1200.jpg\" alt=\"\" class=\"wp-image-211\" srcset=\"https:\/\/jadouille.be\/wp-content\/uploads\/2022\/07\/atelier-1-806x1200.jpg 806w, https:\/\/jadouille.be\/wp-content\/uploads\/2022\/07\/atelier-1-202x300.jpg 202w, https:\/\/jadouille.be\/wp-content\/uploads\/2022\/07\/atelier-1-768x1143.jpg 768w, https:\/\/jadouille.be\/wp-content\/uploads\/2022\/07\/atelier-1-1032x1536.jpg 1032w, https:\/\/jadouille.be\/wp-content\/uploads\/2022\/07\/atelier-1-1376x2048.jpg 1376w, https:\/\/jadouille.be\/wp-content\/uploads\/2022\/07\/atelier-1-100x149.jpg 100w, https:\/\/jadouille.be\/wp-content\/uploads\/2022\/07\/atelier-1-150x223.jpg 150w, https:\/\/jadouille.be\/wp-content\/uploads\/2022\/07\/atelier-1-200x298.jpg 200w, https:\/\/jadouille.be\/wp-content\/uploads\/2022\/07\/atelier-1-300x447.jpg 300w, https:\/\/jadouille.be\/wp-content\/uploads\/2022\/07\/atelier-1-450x670.jpg 450w, https:\/\/jadouille.be\/wp-content\/uploads\/2022\/07\/atelier-1-600x893.jpg 600w, https:\/\/jadouille.be\/wp-content\/uploads\/2022\/07\/atelier-1-900x1340.jpg 900w, https:\/\/jadouille.be\/wp-content\/uploads\/2022\/07\/atelier-1-scaled.jpg 1720w\" sizes=\"auto, (max-width: 806px) 100vw, 806px\" \/><\/figure>\n<\/div>","protected":false},"excerpt":{"rendered":"<p>Chauss\u00e9e de Louvain 5241300 Wavre T\u00e9l : +32 10 24 48 77Fax : +32 10 45 06 17 Heures d&rsquo;ouverture : Du lundi au vendredi de 9h00 \u00e0 18hle samedi de 9h \u00e0 17h R\u00e9paration de machines \u00e0 moteur \u00e9lectrique &hellip;<\/p>\n<p class=\"read-more\"> <a class=\"more-link\" href=\"https:\/\/jadouille.be\/index.php\/atellier-de-reparation\/\"> <span class=\"screen-reader-text\">Atelier de r\u00e9paration<\/span> Read More &raquo;<\/a><\/p>\n","protected":false},"author":1,"featured_media":0,"parent":0,"menu_order":0,"comment_status":"closed","ping_status":"closed","template":"","meta":{"footnotes":""},"class_list":["post-9","page","type-page","status-publish","hentry"],"yoast_head":"<!-- This site is optimized with the Yoast SEO plugin v19.3 - https:\/\/yoast.com\/wordpress\/plugins\/seo\/ -->\n<title>Atelier de r\u00e9paration -<\/title>\n<meta name=\"robots\" content=\"index, follow, max-snippet:-1, max-image-preview:large, max-video-preview:-1\" \/>\n<link rel=\"canonical\" href=\"https:\/\/jadouille.be\/index.php\/atellier-de-reparation\/\" \/>\n<meta property=\"og:locale\" content=\"fr_FR\" \/>\n<meta property=\"og:type\" content=\"article\" \/>\n<meta property=\"og:title\" content=\"Atelier de r\u00e9paration -\" \/>\n<meta property=\"og:description\" content=\"Chauss\u00e9e de Louvain 5241300 Wavre T\u00e9l : +32 10 24 48 77Fax : +32 10 45 06 17 Heures d&rsquo;ouverture : Du lundi au vendredi de 9h00 \u00e0 18hle samedi de 9h \u00e0 17h R\u00e9paration de machines \u00e0 moteur \u00e9lectrique &hellip; Atelier de r\u00e9paration Read More &raquo;\" \/>\n<meta property=\"og:url\" content=\"https:\/\/jadouille.be\/index.php\/atellier-de-reparation\/\" \/>\n<meta property=\"article:publisher\" content=\"https:\/\/www.facebook.com\/infojadouille\/\" \/>\n<meta property=\"article:modified_time\" content=\"2024-04-25T08:32:19+00:00\" \/>\n<meta property=\"og:image\" content=\"https:\/\/jadouille.be\/wp-content\/uploads\/2022\/07\/atelier-1-806x1200.jpg\" \/>\n<meta name=\"twitter:card\" content=\"summary_large_image\" \/>\n<meta name=\"twitter:label1\" content=\"Dur\u00e9e de lecture estim\u00e9e\" \/>\n\t<meta name=\"twitter:data1\" content=\"1 minute\" \/>\n<script type=\"application\/ld+json\" class=\"yoast-schema-graph\">{\"@context\":\"https:\/\/schema.org\",\"@graph\":[{\"@type\":\"Organization\",\"@id\":\"https:\/\/jadouille.be\/#organization\",\"name\":\"Jadouille.be\",\"url\":\"https:\/\/jadouille.be\/\",\"sameAs\":[\"https:\/\/www.facebook.com\/infojadouille\/\"],\"logo\":{\"@type\":\"ImageObject\",\"inLanguage\":\"fr-FR\",\"@id\":\"https:\/\/jadouille.be\/#\/schema\/logo\/image\/\",\"url\":\"http:\/\/jadouille.be\/wp-content\/uploads\/2022\/07\/cropped-logo3-1.png\",\"contentUrl\":\"http:\/\/jadouille.be\/wp-content\/uploads\/2022\/07\/cropped-logo3-1.png\",\"width\":202,\"height\":51,\"caption\":\"Jadouille.be\"},\"image\":{\"@id\":\"https:\/\/jadouille.be\/#\/schema\/logo\/image\/\"}},{\"@type\":\"WebSite\",\"@id\":\"https:\/\/jadouille.be\/#website\",\"url\":\"https:\/\/jadouille.be\/\",\"name\":\"\",\"description\":\"\",\"publisher\":{\"@id\":\"https:\/\/jadouille.be\/#organization\"},\"potentialAction\":[{\"@type\":\"SearchAction\",\"target\":{\"@type\":\"EntryPoint\",\"urlTemplate\":\"https:\/\/jadouille.be\/?s={search_term_string}\"},\"query-input\":\"required name=search_term_string\"}],\"inLanguage\":\"fr-FR\"},{\"@type\":\"ImageObject\",\"inLanguage\":\"fr-FR\",\"@id\":\"https:\/\/jadouille.be\/index.php\/atellier-de-reparation\/#primaryimage\",\"url\":\"https:\/\/jadouille.be\/wp-content\/uploads\/2022\/07\/atelier-1-806x1200.jpg\",\"contentUrl\":\"https:\/\/jadouille.be\/wp-content\/uploads\/2022\/07\/atelier-1-806x1200.jpg\"},{\"@type\":\"WebPage\",\"@id\":\"https:\/\/jadouille.be\/index.php\/atellier-de-reparation\/\",\"url\":\"https:\/\/jadouille.be\/index.php\/atellier-de-reparation\/\",\"name\":\"Atelier de r\u00e9paration -\",\"isPartOf\":{\"@id\":\"https:\/\/jadouille.be\/#website\"},\"primaryImageOfPage\":{\"@id\":\"https:\/\/jadouille.be\/index.php\/atellier-de-reparation\/#primaryimage\"},\"datePublished\":\"2022-07-14T17:48:30+00:00\",\"dateModified\":\"2024-04-25T08:32:19+00:00\",\"breadcrumb\":{\"@id\":\"https:\/\/jadouille.be\/index.php\/atellier-de-reparation\/#breadcrumb\"},\"inLanguage\":\"fr-FR\",\"potentialAction\":[{\"@type\":\"ReadAction\",\"target\":[\"https:\/\/jadouille.be\/index.php\/atellier-de-reparation\/\"]}]},{\"@type\":\"BreadcrumbList\",\"@id\":\"https:\/\/jadouille.be\/index.php\/atellier-de-reparation\/#breadcrumb\",\"itemListElement\":[{\"@type\":\"ListItem\",\"position\":1,\"name\":\"Accueil\",\"item\":\"https:\/\/jadouille.be\/\"},{\"@type\":\"ListItem\",\"position\":2,\"name\":\"Atelier de r\u00e9paration\"}]}]}<\/script>\n<!-- \/ Yoast SEO plugin. -->","yoast_head_json":{"title":"Atelier de r\u00e9paration -","robots":{"index":"index","follow":"follow","max-snippet":"max-snippet:-1","max-image-preview":"max-image-preview:large","max-video-preview":"max-video-preview:-1"},"canonical":"https:\/\/jadouille.be\/index.php\/atellier-de-reparation\/","og_locale":"fr_FR","og_type":"article","og_title":"Atelier de r\u00e9paration -","og_description":"Chauss\u00e9e de Louvain 5241300 Wavre T\u00e9l : +32 10 24 48 77Fax : +32 10 45 06 17 Heures d&rsquo;ouverture : Du lundi au vendredi de 9h00 \u00e0 18hle samedi de 9h \u00e0 17h R\u00e9paration de machines \u00e0 moteur \u00e9lectrique &hellip; Atelier de r\u00e9paration Read More &raquo;","og_url":"https:\/\/jadouille.be\/index.php\/atellier-de-reparation\/","article_publisher":"https:\/\/www.facebook.com\/infojadouille\/","article_modified_time":"2024-04-25T08:32:19+00:00","og_image":[{"url":"https:\/\/jadouille.be\/wp-content\/uploads\/2022\/07\/atelier-1-806x1200.jpg"}],"twitter_card":"summary_large_image","twitter_misc":{"Dur\u00e9e de lecture estim\u00e9e":"1 minute"},"schema":{"@context":"https:\/\/schema.org","@graph":[{"@type":"Organization","@id":"https:\/\/jadouille.be\/#organization","name":"Jadouille.be","url":"https:\/\/jadouille.be\/","sameAs":["https:\/\/www.facebook.com\/infojadouille\/"],"logo":{"@type":"ImageObject","inLanguage":"fr-FR","@id":"https:\/\/jadouille.be\/#\/schema\/logo\/image\/","url":"http:\/\/jadouille.be\/wp-content\/uploads\/2022\/07\/cropped-logo3-1.png","contentUrl":"http:\/\/jadouille.be\/wp-content\/uploads\/2022\/07\/cropped-logo3-1.png","width":202,"height":51,"caption":"Jadouille.be"},"image":{"@id":"https:\/\/jadouille.be\/#\/schema\/logo\/image\/"}},{"@type":"WebSite","@id":"https:\/\/jadouille.be\/#website","url":"https:\/\/jadouille.be\/","name":"","description":"","publisher":{"@id":"https:\/\/jadouille.be\/#organization"},"potentialAction":[{"@type":"SearchAction","target":{"@type":"EntryPoint","urlTemplate":"https:\/\/jadouille.be\/?s={search_term_string}"},"query-input":"required name=search_term_string"}],"inLanguage":"fr-FR"},{"@type":"ImageObject","inLanguage":"fr-FR","@id":"https:\/\/jadouille.be\/index.php\/atellier-de-reparation\/#primaryimage","url":"https:\/\/jadouille.be\/wp-content\/uploads\/2022\/07\/atelier-1-806x1200.jpg","contentUrl":"https:\/\/jadouille.be\/wp-content\/uploads\/2022\/07\/atelier-1-806x1200.jpg"},{"@type":"WebPage","@id":"https:\/\/jadouille.be\/index.php\/atellier-de-reparation\/","url":"https:\/\/jadouille.be\/index.php\/atellier-de-reparation\/","name":"Atelier de r\u00e9paration -","isPartOf":{"@id":"https:\/\/jadouille.be\/#website"},"primaryImageOfPage":{"@id":"https:\/\/jadouille.be\/index.php\/atellier-de-reparation\/#primaryimage"},"datePublished":"2022-07-14T17:48:30+00:00","dateModified":"2024-04-25T08:32:19+00:00","breadcrumb":{"@id":"https:\/\/jadouille.be\/index.php\/atellier-de-reparation\/#breadcrumb"},"inLanguage":"fr-FR","potentialAction":[{"@type":"ReadAction","target":["https:\/\/jadouille.be\/index.php\/atellier-de-reparation\/"]}]},{"@type":"BreadcrumbList","@id":"https:\/\/jadouille.be\/index.php\/atellier-de-reparation\/#breadcrumb","itemListElement":[{"@type":"ListItem","position":1,"name":"Accueil","item":"https:\/\/jadouille.be\/"},{"@type":"ListItem","position":2,"name":"Atelier de r\u00e9paration"}]}]}},"_links":{"self":[{"href":"https:\/\/jadouille.be\/index.php\/wp-json\/wp\/v2\/pages\/9","targetHints":{"allow":["GET"]}}],"collection":[{"href":"https:\/\/jadouille.be\/index.php\/wp-json\/wp\/v2\/pages"}],"about":[{"href":"https:\/\/jadouille.be\/index.php\/wp-json\/wp\/v2\/types\/page"}],"author":[{"embeddable":true,"href":"https:\/\/jadouille.be\/index.php\/wp-json\/wp\/v2\/users\/1"}],"replies":[{"embeddable":true,"href":"https:\/\/jadouille.be\/index.php\/wp-json\/wp\/v2\/comments?post=9"}],"version-history":[{"count":5,"href":"https:\/\/jadouille.be\/index.php\/wp-json\/wp\/v2\/pages\/9\/revisions"}],"predecessor-version":[{"id":779,"href":"https:\/\/jadouille.be\/index.php\/wp-json\/wp\/v2\/pages\/9\/revisions\/779"}],"wp:attachment":[{"href":"https:\/\/jadouille.be\/index.php\/wp-json\/wp\/v2\/media?parent=9"}],"curies":[{"name":"wp","href":"https:\/\/api.w.org\/{rel}","templated":true}]}}