{"id":2,"date":"2022-07-14T19:13:41","date_gmt":"2022-07-14T17:13:41","guid":{"rendered":"http:\/\/jadouille.be\/?page_id=2"},"modified":"2024-04-25T15:43:54","modified_gmt":"2024-04-25T13:43:54","slug":"page-d-exemple","status":"publish","type":"page","link":"https:\/\/jadouille.be\/index.php\/page-d-exemple\/","title":{"rendered":"Hubo"},"content":{"rendered":"\n<div class=\"wp-block-columns is-layout-flex wp-container-core-columns-is-layout-9d6595d7 wp-block-columns-is-layout-flex\">\n<div class=\"wp-block-column is-layout-flow wp-block-column-is-layout-flow\" style=\"flex-basis:25%\"><\/div>\n\n\n\n<div class=\"wp-block-column is-layout-flow wp-block-column-is-layout-flow\" style=\"flex-basis:100%\">\n<iframe loading=\"lazy\" src=\"https:\/\/www.facebook.com\/plugins\/post.php?href=https%3A%2F%2Fwww.facebook.com%2Fhubowavre%2Fposts%2F967225514779050%3A967225514779050&#038;show_text=true&#038;width=500&#038;is_preview=true\" width=\"500\" height=\"455\" style=\"border:none;overflow:hidden\" scrolling=\"no\" frameborder=\"0\" allowfullscreen=\"true\" allow=\"autoplay; clipboard-write; encrypted-media; picture-in-picture; web-share\"><\/iframe>\n<\/div>\n\n\n\n<div class=\"wp-block-column is-layout-flow wp-block-column-is-layout-flow\" style=\"flex-basis:25%\"><\/div>\n<\/div>\n\n\n<div class=\"wp-block-image\">\n<figure class=\"aligncenter size-full\"><img loading=\"lazy\" decoding=\"async\" width=\"250\" height=\"98\" src=\"https:\/\/jadouille.be\/wp-content\/uploads\/2022\/07\/log_hubo.jpg\" alt=\"\" class=\"wp-image-108\" srcset=\"https:\/\/jadouille.be\/wp-content\/uploads\/2022\/07\/log_hubo.jpg 250w, https:\/\/jadouille.be\/wp-content\/uploads\/2022\/07\/log_hubo-100x39.jpg 100w, https:\/\/jadouille.be\/wp-content\/uploads\/2022\/07\/log_hubo-150x59.jpg 150w, https:\/\/jadouille.be\/wp-content\/uploads\/2022\/07\/log_hubo-200x78.jpg 200w\" sizes=\"auto, (max-width: 250px) 100vw, 250px\" \/><\/figure>\n<\/div>\n\n\n<p class=\"has-text-align-center\"><strong>Le bricolage \u00e0 votre port\u00e9e.<\/strong><\/p>\n\n\n\n<div class=\"wp-block-columns is-layout-flex wp-container-core-columns-is-layout-9d6595d7 wp-block-columns-is-layout-flex\">\n<div class=\"wp-block-column is-layout-flow wp-block-column-is-layout-flow\">\n<p>Chauss\u00e9e de Louvain 522<br>1300 Wavre<\/p>\n\n\n\n<p>T\u00e9l : +32 10 45 69 71<br>Fax : +32 10 81 32 57<\/p>\n<\/div>\n\n\n\n<div class=\"wp-block-column is-layout-flow wp-block-column-is-layout-flow\">\n<p><em>Heures d&rsquo;ouverture :<\/em><\/p>\n\n\n\n<p>Du lundi au vendredi de 9h00 \u00e0 18h30<br>Samedi de 9h00 \u00e0 18h00<br>Dimanche de 9h \u00e0 13h<\/p>\n\n\n\n<p>mail<\/p>\n<\/div>\n<\/div>\n\n\n\n<figure class=\"wp-block-image size-large\"><img loading=\"lazy\" decoding=\"async\" width=\"1024\" height=\"257\" src=\"https:\/\/jadouille.be\/wp-content\/uploads\/2022\/07\/hubo1200-1024x257.jpg\" alt=\"\" class=\"wp-image-142\" srcset=\"https:\/\/jadouille.be\/wp-content\/uploads\/2022\/07\/hubo1200-1024x257.jpg 1024w, https:\/\/jadouille.be\/wp-content\/uploads\/2022\/07\/hubo1200-300x75.jpg 300w, https:\/\/jadouille.be\/wp-content\/uploads\/2022\/07\/hubo1200-768x193.jpg 768w, https:\/\/jadouille.be\/wp-content\/uploads\/2022\/07\/hubo1200-100x25.jpg 100w, https:\/\/jadouille.be\/wp-content\/uploads\/2022\/07\/hubo1200-150x38.jpg 150w, https:\/\/jadouille.be\/wp-content\/uploads\/2022\/07\/hubo1200-200x50.jpg 200w, https:\/\/jadouille.be\/wp-content\/uploads\/2022\/07\/hubo1200-450x113.jpg 450w, https:\/\/jadouille.be\/wp-content\/uploads\/2022\/07\/hubo1200-600x151.jpg 600w, https:\/\/jadouille.be\/wp-content\/uploads\/2022\/07\/hubo1200-900x226.jpg 900w, https:\/\/jadouille.be\/wp-content\/uploads\/2022\/07\/hubo1200.jpg 1200w\" sizes=\"auto, (max-width: 1024px) 100vw, 1024px\" \/><\/figure>\n\n\n\n<p class=\"has-text-align-center\">Plus d&rsquo;informations sur le site <a href=\"http:\/\/www.hubo.be\" target=\"_blank\" rel=\"noreferrer noopener\">www.hubo.be<\/a><\/p>\n\n\n\n<p class=\"has-text-align-center\">Lien vers les d\u00e9pliants <a href=\"http:\/\/www.hubo.be\/HUBO\/Page-d-accueil\/Produits\/Depliants-Hubo\/page.aspx\/1826\" target=\"_blank\" rel=\"noreferrer noopener\">D\u00e9pliant Hubo<\/a><\/p>\n\n\n\n<p class=\"has-text-align-center\">Lien vers les superpromos <a href=\"http:\/\/www.hubo.be\/HUBO\/Page-d-accueil\/Produits\/Superpromos\/page.aspx\/1069\" target=\"_blank\" rel=\"noreferrer noopener\">Superpromos Hubo<\/a><\/p>\n","protected":false},"excerpt":{"rendered":"<p>Le bricolage \u00e0 votre port\u00e9e. Chauss\u00e9e de Louvain 5221300 Wavre T\u00e9l : +32 10 45 69 71Fax : +32 10 81 32 57 Heures d&rsquo;ouverture : Du lundi au vendredi de 9h00 \u00e0 18h30Samedi de 9h00 \u00e0 18h00Dimanche de 9h &hellip;<\/p>\n<p class=\"read-more\"> <a class=\"more-link\" href=\"https:\/\/jadouille.be\/index.php\/page-d-exemple\/\"> <span class=\"screen-reader-text\">Hubo<\/span> Read More &raquo;<\/a><\/p>\n","protected":false},"author":1,"featured_media":0,"parent":0,"menu_order":0,"comment_status":"closed","ping_status":"open","template":"","meta":{"footnotes":""},"class_list":["post-2","page","type-page","status-publish","hentry"],"yoast_head":"<!-- This site is optimized with the Yoast SEO plugin v19.3 - https:\/\/yoast.com\/wordpress\/plugins\/seo\/ -->\n<title>Hubo -<\/title>\n<meta name=\"robots\" content=\"index, follow, max-snippet:-1, max-image-preview:large, max-video-preview:-1\" \/>\n<link rel=\"canonical\" href=\"https:\/\/jadouille.be\/index.php\/page-d-exemple\/\" \/>\n<meta property=\"og:locale\" content=\"fr_FR\" \/>\n<meta property=\"og:type\" content=\"article\" \/>\n<meta property=\"og:title\" content=\"Hubo -\" \/>\n<meta property=\"og:description\" content=\"Le bricolage \u00e0 votre port\u00e9e. Chauss\u00e9e de Louvain 5221300 Wavre T\u00e9l : +32 10 45 69 71Fax : +32 10 81 32 57 Heures d&rsquo;ouverture : Du lundi au vendredi de 9h00 \u00e0 18h30Samedi de 9h00 \u00e0 18h00Dimanche de 9h &hellip; Hubo Read More &raquo;\" \/>\n<meta property=\"og:url\" content=\"https:\/\/jadouille.be\/index.php\/page-d-exemple\/\" \/>\n<meta property=\"article:publisher\" content=\"https:\/\/www.facebook.com\/infojadouille\/\" \/>\n<meta property=\"article:modified_time\" content=\"2024-04-25T13:43:54+00:00\" \/>\n<meta property=\"og:image\" content=\"http:\/\/jadouille.be\/wp-content\/uploads\/2022\/07\/log_hubo.jpg\" \/>\n<meta name=\"twitter:card\" content=\"summary_large_image\" \/>\n<meta name=\"twitter:label1\" content=\"Dur\u00e9e de lecture estim\u00e9e\" \/>\n\t<meta name=\"twitter:data1\" content=\"1 minute\" \/>\n<script type=\"application\/ld+json\" class=\"yoast-schema-graph\">{\"@context\":\"https:\/\/schema.org\",\"@graph\":[{\"@type\":\"Organization\",\"@id\":\"https:\/\/jadouille.be\/#organization\",\"name\":\"Jadouille.be\",\"url\":\"https:\/\/jadouille.be\/\",\"sameAs\":[\"https:\/\/www.facebook.com\/infojadouille\/\"],\"logo\":{\"@type\":\"ImageObject\",\"inLanguage\":\"fr-FR\",\"@id\":\"https:\/\/jadouille.be\/#\/schema\/logo\/image\/\",\"url\":\"http:\/\/jadouille.be\/wp-content\/uploads\/2022\/07\/cropped-logo3-1.png\",\"contentUrl\":\"http:\/\/jadouille.be\/wp-content\/uploads\/2022\/07\/cropped-logo3-1.png\",\"width\":202,\"height\":51,\"caption\":\"Jadouille.be\"},\"image\":{\"@id\":\"https:\/\/jadouille.be\/#\/schema\/logo\/image\/\"}},{\"@type\":\"WebSite\",\"@id\":\"https:\/\/jadouille.be\/#website\",\"url\":\"https:\/\/jadouille.be\/\",\"name\":\"\",\"description\":\"\",\"publisher\":{\"@id\":\"https:\/\/jadouille.be\/#organization\"},\"potentialAction\":[{\"@type\":\"SearchAction\",\"target\":{\"@type\":\"EntryPoint\",\"urlTemplate\":\"https:\/\/jadouille.be\/?s={search_term_string}\"},\"query-input\":\"required name=search_term_string\"}],\"inLanguage\":\"fr-FR\"},{\"@type\":\"ImageObject\",\"inLanguage\":\"fr-FR\",\"@id\":\"https:\/\/jadouille.be\/index.php\/page-d-exemple\/#primaryimage\",\"url\":\"http:\/\/jadouille.be\/wp-content\/uploads\/2022\/07\/log_hubo.jpg\",\"contentUrl\":\"http:\/\/jadouille.be\/wp-content\/uploads\/2022\/07\/log_hubo.jpg\"},{\"@type\":\"WebPage\",\"@id\":\"https:\/\/jadouille.be\/index.php\/page-d-exemple\/\",\"url\":\"https:\/\/jadouille.be\/index.php\/page-d-exemple\/\",\"name\":\"Hubo -\",\"isPartOf\":{\"@id\":\"https:\/\/jadouille.be\/#website\"},\"primaryImageOfPage\":{\"@id\":\"https:\/\/jadouille.be\/index.php\/page-d-exemple\/#primaryimage\"},\"datePublished\":\"2022-07-14T17:13:41+00:00\",\"dateModified\":\"2024-04-25T13:43:54+00:00\",\"breadcrumb\":{\"@id\":\"https:\/\/jadouille.be\/index.php\/page-d-exemple\/#breadcrumb\"},\"inLanguage\":\"fr-FR\",\"potentialAction\":[{\"@type\":\"ReadAction\",\"target\":[\"https:\/\/jadouille.be\/index.php\/page-d-exemple\/\"]}]},{\"@type\":\"BreadcrumbList\",\"@id\":\"https:\/\/jadouille.be\/index.php\/page-d-exemple\/#breadcrumb\",\"itemListElement\":[{\"@type\":\"ListItem\",\"position\":1,\"name\":\"Accueil\",\"item\":\"https:\/\/jadouille.be\/\"},{\"@type\":\"ListItem\",\"position\":2,\"name\":\"Hubo\"}]}]}<\/script>\n<!-- \/ Yoast SEO plugin. -->","yoast_head_json":{"title":"Hubo -","robots":{"index":"index","follow":"follow","max-snippet":"max-snippet:-1","max-image-preview":"max-image-preview:large","max-video-preview":"max-video-preview:-1"},"canonical":"https:\/\/jadouille.be\/index.php\/page-d-exemple\/","og_locale":"fr_FR","og_type":"article","og_title":"Hubo -","og_description":"Le bricolage \u00e0 votre port\u00e9e. Chauss\u00e9e de Louvain 5221300 Wavre T\u00e9l : +32 10 45 69 71Fax : +32 10 81 32 57 Heures d&rsquo;ouverture : Du lundi au vendredi de 9h00 \u00e0 18h30Samedi de 9h00 \u00e0 18h00Dimanche de 9h &hellip; Hubo Read More &raquo;","og_url":"https:\/\/jadouille.be\/index.php\/page-d-exemple\/","article_publisher":"https:\/\/www.facebook.com\/infojadouille\/","article_modified_time":"2024-04-25T13:43:54+00:00","og_image":[{"url":"http:\/\/jadouille.be\/wp-content\/uploads\/2022\/07\/log_hubo.jpg"}],"twitter_card":"summary_large_image","twitter_misc":{"Dur\u00e9e de lecture estim\u00e9e":"1 minute"},"schema":{"@context":"https:\/\/schema.org","@graph":[{"@type":"Organization","@id":"https:\/\/jadouille.be\/#organization","name":"Jadouille.be","url":"https:\/\/jadouille.be\/","sameAs":["https:\/\/www.facebook.com\/infojadouille\/"],"logo":{"@type":"ImageObject","inLanguage":"fr-FR","@id":"https:\/\/jadouille.be\/#\/schema\/logo\/image\/","url":"http:\/\/jadouille.be\/wp-content\/uploads\/2022\/07\/cropped-logo3-1.png","contentUrl":"http:\/\/jadouille.be\/wp-content\/uploads\/2022\/07\/cropped-logo3-1.png","width":202,"height":51,"caption":"Jadouille.be"},"image":{"@id":"https:\/\/jadouille.be\/#\/schema\/logo\/image\/"}},{"@type":"WebSite","@id":"https:\/\/jadouille.be\/#website","url":"https:\/\/jadouille.be\/","name":"","description":"","publisher":{"@id":"https:\/\/jadouille.be\/#organization"},"potentialAction":[{"@type":"SearchAction","target":{"@type":"EntryPoint","urlTemplate":"https:\/\/jadouille.be\/?s={search_term_string}"},"query-input":"required name=search_term_string"}],"inLanguage":"fr-FR"},{"@type":"ImageObject","inLanguage":"fr-FR","@id":"https:\/\/jadouille.be\/index.php\/page-d-exemple\/#primaryimage","url":"http:\/\/jadouille.be\/wp-content\/uploads\/2022\/07\/log_hubo.jpg","contentUrl":"http:\/\/jadouille.be\/wp-content\/uploads\/2022\/07\/log_hubo.jpg"},{"@type":"WebPage","@id":"https:\/\/jadouille.be\/index.php\/page-d-exemple\/","url":"https:\/\/jadouille.be\/index.php\/page-d-exemple\/","name":"Hubo -","isPartOf":{"@id":"https:\/\/jadouille.be\/#website"},"primaryImageOfPage":{"@id":"https:\/\/jadouille.be\/index.php\/page-d-exemple\/#primaryimage"},"datePublished":"2022-07-14T17:13:41+00:00","dateModified":"2024-04-25T13:43:54+00:00","breadcrumb":{"@id":"https:\/\/jadouille.be\/index.php\/page-d-exemple\/#breadcrumb"},"inLanguage":"fr-FR","potentialAction":[{"@type":"ReadAction","target":["https:\/\/jadouille.be\/index.php\/page-d-exemple\/"]}]},{"@type":"BreadcrumbList","@id":"https:\/\/jadouille.be\/index.php\/page-d-exemple\/#breadcrumb","itemListElement":[{"@type":"ListItem","position":1,"name":"Accueil","item":"https:\/\/jadouille.be\/"},{"@type":"ListItem","position":2,"name":"Hubo"}]}]}},"_links":{"self":[{"href":"https:\/\/jadouille.be\/index.php\/wp-json\/wp\/v2\/pages\/2","targetHints":{"allow":["GET"]}}],"collection":[{"href":"https:\/\/jadouille.be\/index.php\/wp-json\/wp\/v2\/pages"}],"about":[{"href":"https:\/\/jadouille.be\/index.php\/wp-json\/wp\/v2\/types\/page"}],"author":[{"embeddable":true,"href":"https:\/\/jadouille.be\/index.php\/wp-json\/wp\/v2\/users\/1"}],"replies":[{"embeddable":true,"href":"https:\/\/jadouille.be\/index.php\/wp-json\/wp\/v2\/comments?post=2"}],"version-history":[{"count":6,"href":"https:\/\/jadouille.be\/index.php\/wp-json\/wp\/v2\/pages\/2\/revisions"}],"predecessor-version":[{"id":780,"href":"https:\/\/jadouille.be\/index.php\/wp-json\/wp\/v2\/pages\/2\/revisions\/780"}],"wp:attachment":[{"href":"https:\/\/jadouille.be\/index.php\/wp-json\/wp\/v2\/media?parent=2"}],"curies":[{"name":"wp","href":"https:\/\/api.w.org\/{rel}","templated":true}]}}